{"id":11742,"date":"2019-09-02T23:28:53","date_gmt":"2019-09-02T21:28:53","guid":{"rendered":"http:\/\/missjuliephotographie.com\/?page_id=11742"},"modified":"2019-09-02T23:28:53","modified_gmt":"2019-09-02T21:28:53","slug":"emilie-frederic","status":"publish","type":"page","link":"https:\/\/missjuliephotographie.com\/index.php\/espace-client\/emilie-frederic\/","title":{"rendered":"\u00c9milie &#038; Fr\u00e9d\u00e9ric"},"content":{"rendered":"","protected":true},"excerpt":{"rendered":"","protected":true},"author":1,"featured_media":0,"parent":783,"menu_order":0,"comment_status":"closed","ping_status":"closed","template":"template-full-width.php","meta":{"footnotes":""},"_links":{"self":[{"href":"https:\/\/missjuliephotographie.com\/index.php\/wp-json\/wp\/v2\/pages\/11742"}],"collection":[{"href":"https:\/\/missjuliephotographie.com\/index.php\/wp-json\/wp\/v2\/pages"}],"about":[{"href":"https:\/\/missjuliephotographie.com\/index.php\/wp-json\/wp\/v2\/types\/page"}],"author":[{"embeddable":true,"href":"https:\/\/missjuliephotographie.com\/index.php\/wp-json\/wp\/v2\/users\/1"}],"replies":[{"embeddable":true,"href":"https:\/\/missjuliephotographie.com\/index.php\/wp-json\/wp\/v2\/comments?post=11742"}],"version-history":[{"count":1,"href":"https:\/\/missjuliephotographie.com\/index.php\/wp-json\/wp\/v2\/pages\/11742\/revisions"}],"predecessor-version":[{"id":11743,"href":"https:\/\/missjuliephotographie.com\/index.php\/wp-json\/wp\/v2\/pages\/11742\/revisions\/11743"}],"up":[{"embeddable":true,"href":"https:\/\/missjuliephotographie.com\/index.php\/wp-json\/wp\/v2\/pages\/783"}],"wp:attachment":[{"href":"https:\/\/missjuliephotographie.com\/index.php\/wp-json\/wp\/v2\/media?parent=11742"}],"curies":[{"name":"wp","href":"https:\/\/api.w.org\/{rel}","templated":true}]}}